{"id":25686,"date":"2019-11-12T12:26:45","date_gmt":"2019-11-12T12:26:45","guid":{"rendered":"https:\/\/minervo.digiamo.cz\/minervo\/?page_id=25686"},"modified":"2019-11-12T12:26:45","modified_gmt":"2019-11-12T12:26:45","slug":"workshopy-prehledy","status":"publish","type":"page","link":"https:\/\/minervo.digiamo.cz\/minervo\/workshopy-prehledy\/","title":{"rendered":"Workshopy prehledy"},"content":{"rendered":"<p>[et_pb_section fb_built=&#8221;1&#8243; custom_padding_last_edited=&#8221;on|desktop&#8221; admin_label=&#8221;Header&#8221; _builder_version=&#8221;3.27.4&#8243; use_background_color_gradient=&#8221;on&#8221; background_color_gradient_start=&#8221;#f7ce3e&#8221; background_color_gradient_end=&#8221;rgba(247,206,62,0.61)&#8221; background_color_gradient_direction=&#8221;160deg&#8221; background_color_gradient_start_position=&#8221;20%&#8221; background_color_gradient_overlays_image=&#8221;on&#8221; background_image=&#8221;https:\/\/minervo.digiamo.cz\/minervo\/wp-content\/uploads\/2019\/09\/IMG_0561.jpg&#8221; custom_margin=&#8221;||||false|false&#8221; custom_margin_tablet=&#8221;|||0px|false|false&#8221; custom_margin_phone=&#8221;&#8221; custom_margin_last_edited=&#8221;on|desktop&#8221; custom_padding=&#8221;6vw||0||false|false&#8221; custom_padding_tablet=&#8221;&#8221; custom_padding_phone=&#8221;&#8221; locked=&#8221;off&#8221; border_radii__hover=&#8221;on||||&#8221; border_radii__hover_enabled=&#8221;on||||&#8221; background_repeat__hover=&#8221;no-repeat&#8221; background_repeat__hover_enabled=&#8221;no-repeat&#8221;][et_pb_row custom_padding_last_edited=&#8221;on|tablet&#8221; _builder_version=&#8221;3.27.4&#8243; background_image=&#8221;https:\/\/minervo.digiamo.cz\/minervo\/wp-content\/uploads\/2019\/09\/bg_image_01-2x.png&#8221; background_size=&#8221;contain&#8221; background_position=&#8221;bottom_right&#8221; width=&#8221;100%&#8221; max_width=&#8221;100%&#8221; custom_padding=&#8221;|15vw|10vw|15vw|false|true&#8221; custom_padding_tablet=&#8221;|10vw|24vw|10vw||true&#8221; custom_padding_phone=&#8221;&#8221; box_shadow_style=&#8221;preset7&#8243; box_shadow_horizontal=&#8221;0px&#8221; box_shadow_vertical=&#8221;-1px&#8221; box_shadow_color=&#8221;#ffffff&#8221; use_custom_width=&#8221;on&#8221; width_unit=&#8221;off&#8221; custom_width_percent=&#8221;100%&#8221;][et_pb_column type=&#8221;4_4&#8243; _builder_version=&#8221;3.25&#8243; custom_padding=&#8221;|||&#8221; custom_padding__hover=&#8221;|||&#8221;][et_pb_text _builder_version=&#8221;3.29.3&#8243; text_font=&#8221;|600|||||||&#8221; text_font_size=&#8221;22px&#8221; text_line_height=&#8221;1.8em&#8221; header_font=&#8221;Mukta|600|||||||&#8221; header_font_size=&#8221;6vw&#8221; header_line_height=&#8221;1.1em&#8221; background_layout=&#8221;dark&#8221; max_width=&#8221;80%&#8221; max_width_tablet=&#8221;&#8221; max_width_phone=&#8221;&#8221; max_width_last_edited=&#8221;on|phone&#8221; custom_margin=&#8221;|||-30px|false|false&#8221; custom_margin_tablet=&#8221;|||0px|false|false&#8221; custom_margin_phone=&#8221;&#8221; custom_margin_last_edited=&#8221;on|desktop&#8221; animation_style=&#8221;fade&#8221; animation_direction=&#8221;top&#8221; text_font_size_tablet=&#8221;14px&#8221; text_font_size_phone=&#8221;&#8221; text_font_size_last_edited=&#8221;on|phone&#8221; header_font_size_tablet=&#8221;&#8221; header_font_size_phone=&#8221;42px&#8221; header_font_size_last_edited=&#8221;on|phone&#8221;]<\/p>\n<h1>V\u0161echny workshopy<\/h1>\n<p>[\/et_pb_text][\/et_pb_column][\/et_pb_row][\/et_pb_section][et_pb_section fb_built=&#8221;1&#8243; _builder_version=&#8221;3.29.3&#8243; use_background_color_gradient=&#8221;on&#8221; background_color_gradient_start=&#8221;rgba(216,216,216,0.19)&#8221; background_color_gradient_end=&#8221;#ffffff&#8221; background_color_gradient_direction=&#8221;114deg&#8221; background_color_gradient_end_position=&#8221;31%&#8221; custom_margin=&#8221;0px||||false|false&#8221; custom_padding=&#8221;18px||||false|false&#8221;][et_pb_row _builder_version=&#8221;3.29.3&#8243; custom_margin=&#8221;-100px|auto||auto||&#8221;][et_pb_column type=&#8221;4_4&#8243; _builder_version=&#8221;3.29.3&#8243;][et_pb_code _builder_version=&#8221;3.29.3&#8243;]***grid view minimal***<!-- [et_pb_line_break_holder] -->[MEC id=&#8221;25469&#8243;]<!-- [et_pb_line_break_holder] -->***timetable view modern***<!-- [et_pb_line_break_holder] -->[MEC id=&#8221;25467&#8243;]<!-- [et_pb_line_break_holder] -->***timetable view classic<!-- [et_pb_line_break_holder] -->[MEC id=&#8221;25468&#8243;]<!-- [et_pb_line_break_holder] -->*** Verze monthly view modern***\u00a0[MEC id=&#8221;25466&#8243;]<!-- [et_pb_line_break_holder] -->*** Verze monthly view novel***<!-- [et_pb_line_break_holder] -->[MEC id=&#8221;25462&#8243;]<!-- [et_pb_line_break_holder] -->***Verze list view minimal***<!-- [et_pb_line_break_holder] -->[MEC id=&#8221;25447&#8243;]<!-- [et_pb_line_break_holder] -->***Verze agenda view***<!-- [et_pb_line_break_holder] -->[MEC id=&#8221;25459&#8243;]<!-- [et_pb_line_break_holder] -->***Verze full calendar***<!-- [et_pb_line_break_holder] -->[MEC id=&#8221;49&#8243;][\/et_pb_code][\/et_pb_column][\/et_pb_row][\/et_pb_section][et_pb_section fb_built=&#8221;1&#8243; _builder_version=&#8221;3.27.4&#8243; background_color=&#8221;#1c1c1c&#8221; custom_margin=&#8221;||-411px|||&#8221; custom_padding=&#8221;||4px|||&#8221; global_module=&#8221;22&#8243; saved_tabs=&#8221;all&#8221;][et_pb_row column_structure=&#8221;1_4,1_4,1_4,1_4&#8243; _builder_version=&#8221;3.27.4&#8243; custom_padding=&#8221;||13px|||&#8221;][et_pb_column type=&#8221;1_4&#8243; _builder_version=&#8221;3.27.4&#8243;][et_pb_text _builder_version=&#8221;3.27.4&#8243; text_text_color=&#8221;#bababa&#8221; header_4_font=&#8221;|700|||||||&#8221; header_4_text_color=&#8221;#ffffff&#8221; custom_margin=&#8221;||9px|||&#8221;]<\/p>\n<h4>Menu<\/h4>\n<p>[\/et_pb_text][et_pb_text _builder_version=&#8221;3.27.4&#8243; text_text_color=&#8221;#bababa&#8221; custom_margin=&#8221;||9px|||&#8221;]<\/p>\n<p>polo\u017eka<\/p>\n<p>[\/et_pb_text][et_pb_text _builder_version=&#8221;3.27.4&#8243; text_text_color=&#8221;#bababa&#8221; custom_margin=&#8221;||9px|||&#8221;]<\/p>\n<p>polo\u017eka<\/p>\n<p>[\/et_pb_text][et_pb_text _builder_version=&#8221;3.27.4&#8243; text_text_color=&#8221;#bababa&#8221; custom_margin=&#8221;||9px|||&#8221;]<\/p>\n<p>polo\u017eka<\/p>\n<p>[\/et_pb_text][et_pb_text _builder_version=&#8221;3.27.4&#8243; text_text_color=&#8221;#bababa&#8221; custom_margin=&#8221;||9px|||&#8221;]<\/p>\n<p>polo\u017eka<\/p>\n<p>[\/et_pb_text][\/et_pb_column][et_pb_column type=&#8221;1_4&#8243; _builder_version=&#8221;3.27.4&#8243;][et_pb_text _builder_version=&#8221;3.27.4&#8243; text_text_color=&#8221;#bababa&#8221; header_4_font=&#8221;|700|||||||&#8221; header_4_text_color=&#8221;#ffffff&#8221; custom_margin=&#8221;||9px|||&#8221;]<\/p>\n<h4><span>Podpo\u0159 n\u00e1s<\/span><\/h4>\n<p>[\/et_pb_text][et_pb_text _builder_version=&#8221;3.29.3&#8243; text_text_color=&#8221;#bababa&#8221; custom_margin=&#8221;||9px|||&#8221;]<\/p>\n<p class=\"font_7\"><a href=\"https:\/\/ib.fio.cz\/ib\/transparent?a=2301596046&amp;fbclid=IwAR2xgR-iARlVEWT-12mAxR1PiyPlaAh9GAOUCEBQWqIB1i2PbhdkWNvh9_g\" target=\"_blank\" data-content=\"https:\/\/ib.fio.cz\/ib\/transparent?a=2301596046&amp;fbclid=IwAR2xgR-iARlVEWT-12mAxR1PiyPlaAh9GAOUCEBQWqIB1i2PbhdkWNvh9_g\" data-type=\"external\" rel=\"noopener undefined noreferrer\"><span>2301596046\/2010<br \/> <\/span><\/a><span>transparentn\u00ed \u00fa\u010det<\/span><\/p>\n<p>[\/et_pb_text][et_pb_text _builder_version=&#8221;3.27.4&#8243; text_text_color=&#8221;#bababa&#8221; custom_margin=&#8221;||9px|||&#8221;]<\/p>\n<p><span>Minervo z.s.<\/span><\/p>\n<p>[\/et_pb_text][et_pb_text _builder_version=&#8221;3.27.4&#8243; text_text_color=&#8221;#bababa&#8221; custom_margin=&#8221;||9px|||&#8221;]<\/p>\n<p><span>I\u010cO: 07431899<\/span><\/p>\n<p>[\/et_pb_text][\/et_pb_column][et_pb_column type=&#8221;1_4&#8243; _builder_version=&#8221;3.27.4&#8243;][et_pb_text _builder_version=&#8221;3.27.4&#8243; text_text_color=&#8221;#bababa&#8221; header_4_font=&#8221;|700|||||||&#8221; header_4_text_color=&#8221;#ffffff&#8221; custom_margin=&#8221;||9px|||&#8221;]<\/p>\n<h4>Menu<\/h4>\n<p>[\/et_pb_text][et_pb_text _builder_version=&#8221;3.27.4&#8243; text_text_color=&#8221;#bababa&#8221; custom_margin=&#8221;||9px|||&#8221;]<\/p>\n<p>polo\u017eka<\/p>\n<p>[\/et_pb_text][et_pb_text _builder_version=&#8221;3.27.4&#8243; text_text_color=&#8221;#bababa&#8221; custom_margin=&#8221;||9px|||&#8221;]<\/p>\n<p>polo\u017eka<\/p>\n<p>[\/et_pb_text][et_pb_text _builder_version=&#8221;3.27.4&#8243; text_text_color=&#8221;#bababa&#8221; custom_margin=&#8221;||9px|||&#8221;]<\/p>\n<p>polo\u017eka<\/p>\n<p>[\/et_pb_text][et_pb_text _builder_version=&#8221;3.27.4&#8243; text_text_color=&#8221;#bababa&#8221; custom_margin=&#8221;||9px|||&#8221;]<\/p>\n<p>polo\u017eka<\/p>\n<p>[\/et_pb_text][\/et_pb_column][et_pb_column type=&#8221;1_4&#8243; _builder_version=&#8221;3.27.4&#8243;][et_pb_text _builder_version=&#8221;3.27.4&#8243; text_text_color=&#8221;#bababa&#8221; header_4_font=&#8221;|700|||||||&#8221; header_4_text_color=&#8221;#ffffff&#8221; custom_margin=&#8221;||9px|||&#8221;]<\/p>\n<h4>Menu<\/h4>\n<p>[\/et_pb_text][et_pb_text _builder_version=&#8221;3.27.4&#8243; text_text_color=&#8221;#bababa&#8221; custom_margin=&#8221;||9px|||&#8221;]<\/p>\n<p>polo\u017eka<\/p>\n<p>[\/et_pb_text][et_pb_text _builder_version=&#8221;3.27.4&#8243; text_text_color=&#8221;#bababa&#8221; custom_margin=&#8221;||9px|||&#8221;]<\/p>\n<p>polo\u017eka<\/p>\n<p>[\/et_pb_text][et_pb_text _builder_version=&#8221;3.27.4&#8243; text_text_color=&#8221;#bababa&#8221; custom_margin=&#8221;||9px|||&#8221;]<\/p>\n<p>polo\u017eka<\/p>\n<p>[\/et_pb_text][et_pb_text _builder_version=&#8221;3.27.4&#8243; text_text_color=&#8221;#bababa&#8221; custom_margin=&#8221;||9px|||&#8221;]<\/p>\n<p>polo\u017eka<\/p>\n<p>[\/et_pb_text][\/et_pb_column][\/et_pb_row][\/et_pb_section]<\/p>\n","protected":false},"excerpt":{"rendered":"<p>V\u0161echny workshopy***grid view minimal***[MEC id=&#8221;25469&#8243;]***timetable view modern***[MEC id=&#8221;25467&#8243;]***timetable view classic[MEC id=&#8221;25468&#8243;]*** Verze monthly view modern***\u00a0[MEC id=&#8221;25466&#8243;]*** Verze monthly view novel***[MEC id=&#8221;25462&#8243;]***Verze list view minimal***[MEC id=&#8221;25447&#8243;]***Verze agenda view***[MEC id=&#8221;25459&#8243;]***Verze full calendar***[MEC id=&#8221;49&#8243;]Menupolo\u017ekapolo\u017ekapolo\u017ekapolo\u017ekaPodpo\u0159 n\u00e1s2301596046\/2010 transparentn\u00ed \u00fa\u010detMinervo z.s.I\u010cO: 07431899Menupolo\u017ekapolo\u017ekapolo\u017ekapolo\u017ekaMenupolo\u017ekapolo\u017ekapolo\u017ekapolo\u017eka<\/p>\n","protected":false},"author":1,"featured_media":0,"parent":0,"menu_order":0,"comment_status":"closed","ping_status":"closed","template":"","meta":{"_et_pb_use_builder":"on","_et_pb_old_content":"","_et_gb_content_width":"","footnotes":""},"class_list":["post-25686","page","type-page","status-publish","hentry"],"_links":{"self":[{"href":"https:\/\/minervo.digiamo.cz\/minervo\/wp-json\/wp\/v2\/pages\/25686","targetHints":{"allow":["GET"]}}],"collection":[{"href":"https:\/\/minervo.digiamo.cz\/minervo\/wp-json\/wp\/v2\/pages"}],"about":[{"href":"https:\/\/minervo.digiamo.cz\/minervo\/wp-json\/wp\/v2\/types\/page"}],"author":[{"embeddable":true,"href":"https:\/\/minervo.digiamo.cz\/minervo\/wp-json\/wp\/v2\/users\/1"}],"replies":[{"embeddable":true,"href":"https:\/\/minervo.digiamo.cz\/minervo\/wp-json\/wp\/v2\/comments?post=25686"}],"version-history":[{"count":2,"href":"https:\/\/minervo.digiamo.cz\/minervo\/wp-json\/wp\/v2\/pages\/25686\/revisions"}],"predecessor-version":[{"id":25689,"href":"https:\/\/minervo.digiamo.cz\/minervo\/wp-json\/wp\/v2\/pages\/25686\/revisions\/25689"}],"wp:attachment":[{"href":"https:\/\/minervo.digiamo.cz\/minervo\/wp-json\/wp\/v2\/media?parent=25686"}],"curies":[{"name":"wp","href":"https:\/\/api.w.org\/{rel}","templated":true}]}}