{"id":25275,"date":"2019-09-28T17:24:55","date_gmt":"2019-09-28T17:24:55","guid":{"rendered":"https:\/\/minervo.digiamo.cz\/minervo\/?page_id=25275"},"modified":"2019-11-20T09:26:12","modified_gmt":"2019-11-20T09:26:12","slug":"kontakt","status":"publish","type":"page","link":"https:\/\/minervo.digiamo.cz\/minervo\/kontakt\/","title":{"rendered":"Kontakt"},"content":{"rendered":"<p>[et_pb_section fb_built=&#8221;1&#8243; custom_padding_last_edited=&#8221;on|desktop&#8221; next_background_color=&#8221;#ffffff&#8221; _builder_version=&#8221;4.0.5&#8243; use_background_color_gradient=&#8221;on&#8221; background_color_gradient_start=&#8221;#f7ce3e&#8221; background_color_gradient_end=&#8221;rgba(247,206,62,0.8)&#8221; background_color_gradient_direction=&#8221;160deg&#8221; background_color_gradient_start_position=&#8221;20%&#8221; background_color_gradient_overlays_image=&#8221;on&#8221; background_image=&#8221;https:\/\/minervo.digiamo.cz\/minervo\/wp-content\/uploads\/2019\/09\/IMG_0561.jpg&#8221; custom_padding=&#8221;||7vw||false|false&#8221; custom_padding_tablet=&#8221;&#8221; custom_padding_phone=&#8221;||8vw||false|false&#8221; bottom_divider_style=&#8221;asymmetric3&#8243; locked=&#8221;off&#8221; background_repeat__hover=&#8221;no-repeat&#8221; background_repeat__hover_enabled=&#8221;no-repeat&#8221;][et_pb_row column_structure=&#8221;3_4,1_4&#8243; _builder_version=&#8221;4.0.5&#8243;][et_pb_column type=&#8221;3_4&#8243; _builder_version=&#8221;4.0.5&#8243;][et_pb_text _builder_version=&#8221;4.0.6&#8243; text_font=&#8221;|600|||||||&#8221; text_font_size=&#8221;22px&#8221; text_line_height=&#8221;1.8em&#8221; header_font=&#8221;Mukta|600|||||||&#8221; header_text_color=&#8221;#193676&#8243; header_font_size=&#8221;4vw&#8221; header_line_height=&#8221;1.1em&#8221; background_layout=&#8221;dark&#8221; max_width=&#8221;80%&#8221; max_width_tablet=&#8221;&#8221; max_width_phone=&#8221;&#8221; max_width_last_edited=&#8221;on|phone&#8221; custom_margin=&#8221;2vw||||false|false&#8221; custom_margin_tablet=&#8221;|||0px|false|false&#8221; custom_margin_phone=&#8221;&#8221; custom_margin_last_edited=&#8221;on|desktop&#8221; animation_style=&#8221;fade&#8221; text_font_size_tablet=&#8221;14px&#8221; text_font_size_phone=&#8221;&#8221; text_font_size_last_edited=&#8221;on|phone&#8221; header_font_size_tablet=&#8221;&#8221; header_font_size_phone=&#8221;42px&#8221; header_font_size_last_edited=&#8221;on|phone&#8221;]<\/p>\n<h1 style=\"text-align: left;\">Kontaktuj n\u00e1s<\/h1>\n<p>[\/et_pb_text][et_pb_text _builder_version=&#8221;4.0.6&#8243; header_2_line_height=&#8221;1.4em&#8221; animation_style=&#8221;fade&#8221;]<\/p>\n<h2>Z\u00edskej s n\u00e1mi praktick\u00e9 dovednosti, poznej nov\u00e9 p\u0159\u00e1tele a podpo\u0159 dobrou v\u011bc<\/h2>\n<p>[\/et_pb_text][\/et_pb_column][et_pb_column type=&#8221;1_4&#8243; _builder_version=&#8221;4.0.5&#8243;][\/et_pb_column][\/et_pb_row][\/et_pb_section][et_pb_section fb_built=&#8221;1&#8243; _builder_version=&#8221;3.29.3&#8243; custom_padding=&#8221;||1px|||&#8221;][et_pb_row column_structure=&#8221;1_2,1_2&#8243; _builder_version=&#8221;3.29.3&#8243;][et_pb_column type=&#8221;1_2&#8243; _builder_version=&#8221;3.29.3&#8243;][et_pb_text _builder_version=&#8221;3.27.4&#8243; text_font=&#8221;||||||||&#8221; text_font_size=&#8221;18px&#8221; text_line_height=&#8221;2em&#8221; header_font=&#8221;Poppins|600|||||||&#8221; header_font_size=&#8221;40px&#8221; header_line_height=&#8221;1.3em&#8221; custom_margin=&#8221;||100px|||&#8221; text_font_size_tablet=&#8221;16px&#8221; text_font_size_phone=&#8221;14px&#8221; text_font_size_last_edited=&#8221;on|phone&#8221; locked=&#8221;off&#8221;]<\/p>\n<p>Pellentesque in ipsum id orci porta dapibus. Vestibulum ac diam sit amet quam vehicula elementum sed sit amet dui. Vestibulum ante ipsum primis in faucibus orci luctus et ultrices posuere cubilia Curae<\/p>\n<p>[\/et_pb_text][\/et_pb_column][et_pb_column type=&#8221;1_2&#8243; _builder_version=&#8221;3.29.3&#8243;][et_pb_text _builder_version=&#8221;3.27.4&#8243; text_font=&#8221;||||||||&#8221; text_font_size=&#8221;18px&#8221; text_line_height=&#8221;2em&#8221; header_font=&#8221;Poppins|600|||||||&#8221; header_font_size=&#8221;40px&#8221; header_line_height=&#8221;1.3em&#8221; custom_margin=&#8221;||100px|||&#8221; text_font_size_tablet=&#8221;16px&#8221; text_font_size_phone=&#8221;14px&#8221; text_font_size_last_edited=&#8221;on|phone&#8221; locked=&#8221;off&#8221;]<\/p>\n<p>Pellentesque in ipsum id orci porta dapibus. Vestibulum ac diam sit amet quam vehicula elementum sed sit amet dui. Vestibulum ante ipsum primis in faucibus orci luctus et ultrices posuere cubilia Curae<\/p>\n<p>[\/et_pb_text][\/et_pb_column][\/et_pb_row][\/et_pb_section][et_pb_section fb_built=&#8221;1&#8243; _builder_version=&#8221;3.29.3&#8243;][et_pb_row _builder_version=&#8221;3.29.3&#8243;][et_pb_column type=&#8221;4_4&#8243; _builder_version=&#8221;3.29.3&#8243;][et_pb_contact_form captcha=&#8221;off&#8221; submit_button_text=&#8221;Odeb\u00edrat&#8221; module_id=&#8221;et_pb_contact_form_0&#8243; _builder_version=&#8221;3.29.3&#8243; form_field_background_color=&#8221;rgba(255,255,255,0)&#8221; form_field_text_color=&#8221;#353740&#8243; form_field_font=&#8221;||||||||&#8221; form_field_font_size=&#8221;16px&#8221; custom_button=&#8221;on&#8221; button_text_size=&#8221;18px&#8221; button_text_color=&#8221;#ffffff&#8221; button_bg_use_color_gradient=&#8221;on&#8221; button_bg_color_gradient_start=&#8221;#161616&#8243; button_bg_color_gradient_end=&#8221;#161616&#8243; button_border_width=&#8221;0px&#8221; button_border_color=&#8221;#193676&#8243; button_letter_spacing=&#8221;0px&#8221; button_font=&#8221;Mukta|600|||||||&#8221; button_use_icon=&#8221;off&#8221; button_custom_padding=&#8221;12px|40px|12px|40px|true|true&#8221; max_width=&#8221;800px&#8221; module_alignment=&#8221;center&#8221; animation_style=&#8221;fade&#8221; box_shadow_style=&#8221;preset7&#8243; box_shadow_horizontal=&#8221;0px&#8221; box_shadow_vertical=&#8221;-1px&#8221; box_shadow_color=&#8221;rgba(0,0,0,0.18)&#8221; form_background_color=&#8221;rgba(255,255,255,0)&#8221; locked=&#8221;off&#8221; button_text_color_hover=&#8221;#ffffff&#8221; button_bg_color_hover=&#8221;rgba(0,0,0,0)&#8221; button_border_color_hover=&#8221;#ffffff&#8221; button_letter_spacing_hover=&#8221;2px&#8221;][et_pb_contact_field field_id=&#8221;Name&#8221; field_title=&#8221;Jm\u00e9no&#8221; fullwidth_field=&#8221;on&#8221; _builder_version=&#8221;3.27.4&#8243; button_text_size__hover_enabled=&#8221;off&#8221; button_one_text_size__hover_enabled=&#8221;off&#8221; button_two_text_size__hover_enabled=&#8221;off&#8221; button_text_color__hover_enabled=&#8221;off&#8221; button_one_text_color__hover_enabled=&#8221;off&#8221; button_two_text_color__hover_enabled=&#8221;off&#8221; button_border_width__hover_enabled=&#8221;off&#8221; button_one_border_width__hover_enabled=&#8221;off&#8221; button_two_border_width__hover_enabled=&#8221;off&#8221; button_border_color__hover_enabled=&#8221;off&#8221; button_one_border_color__hover_enabled=&#8221;off&#8221; button_two_border_color__hover_enabled=&#8221;off&#8221; button_border_radius__hover_enabled=&#8221;off&#8221; button_one_border_radius__hover_enabled=&#8221;off&#8221; button_two_border_radius__hover_enabled=&#8221;off&#8221; button_letter_spacing__hover_enabled=&#8221;off&#8221; button_one_letter_spacing__hover_enabled=&#8221;off&#8221; button_two_letter_spacing__hover_enabled=&#8221;off&#8221; button_bg_color__hover_enabled=&#8221;off&#8221; button_one_bg_color__hover_enabled=&#8221;off&#8221; button_two_bg_color__hover_enabled=&#8221;off&#8221;][\/et_pb_contact_field][et_pb_contact_field field_id=&#8221;Email&#8221; field_title=&#8221;Emailov\u00e1 Adresa&#8221; field_type=&#8221;email&#8221; fullwidth_field=&#8221;on&#8221; _builder_version=&#8221;3.27.4&#8243; button_text_size__hover_enabled=&#8221;off&#8221; button_one_text_size__hover_enabled=&#8221;off&#8221; button_two_text_size__hover_enabled=&#8221;off&#8221; button_text_color__hover_enabled=&#8221;off&#8221; button_one_text_color__hover_enabled=&#8221;off&#8221; button_two_text_color__hover_enabled=&#8221;off&#8221; button_border_width__hover_enabled=&#8221;off&#8221; button_one_border_width__hover_enabled=&#8221;off&#8221; button_two_border_width__hover_enabled=&#8221;off&#8221; button_border_color__hover_enabled=&#8221;off&#8221; button_one_border_color__hover_enabled=&#8221;off&#8221; button_two_border_color__hover_enabled=&#8221;off&#8221; button_border_radius__hover_enabled=&#8221;off&#8221; button_one_border_radius__hover_enabled=&#8221;off&#8221; button_two_border_radius__hover_enabled=&#8221;off&#8221; button_letter_spacing__hover_enabled=&#8221;off&#8221; button_one_letter_spacing__hover_enabled=&#8221;off&#8221; button_two_letter_spacing__hover_enabled=&#8221;off&#8221; button_bg_color__hover_enabled=&#8221;off&#8221; button_one_bg_color__hover_enabled=&#8221;off&#8221; button_two_bg_color__hover_enabled=&#8221;off&#8221;][\/et_pb_contact_field][et_pb_contact_field field_id=&#8221;Field_3&#8243; field_title=&#8221;Text spr\u00e1vy&#8221; field_type=&#8221;text&#8221; fullwidth_field=&#8221;on&#8221; _builder_version=&#8221;3.29.3&#8243;][\/et_pb_contact_field][\/et_pb_contact_form][\/et_pb_column][\/et_pb_row][\/et_pb_section][et_pb_section fb_built=&#8221;1&#8243; _builder_version=&#8221;4.0.6&#8243; background_color=&#8221;#f7ce3e&#8221; custom_padding=&#8221;||90px|||&#8221; hover_enabled=&#8221;0&#8243; module_id=&#8221;faq&#8221;][et_pb_row _builder_version=&#8221;3.25&#8243; locked=&#8221;off&#8221;][et_pb_column type=&#8221;4_4&#8243; _builder_version=&#8221;3.25&#8243; custom_padding=&#8221;|||&#8221; custom_padding__hover=&#8221;|||&#8221;][et_pb_text _builder_version=&#8221;3.29.3&#8243; text_font=&#8221;||||||||&#8221; text_line_height=&#8221;2em&#8221; header_font=&#8221;Poppins|600|||||||&#8221; header_font_size=&#8221;40px&#8221; header_line_height=&#8221;1.3em&#8221; header_2_font_size=&#8221;32px&#8221; header_2_line_height=&#8221;1.6em&#8221; text_orientation=&#8221;center&#8221; max_width=&#8221;700px&#8221; module_alignment=&#8221;center&#8221; header_2_font_size_tablet=&#8221;24px&#8221; header_2_font_size_phone=&#8221;18px&#8221; header_2_font_size_last_edited=&#8221;on|phone&#8221; locked=&#8221;off&#8221;]<\/p>\n<h2>\u010cast\u00e9 dotazy<\/h2>\n<p>[\/et_pb_text][\/et_pb_column][\/et_pb_row][et_pb_row column_structure=&#8221;1_2,1_2&#8243; _builder_version=&#8221;3.25&#8243;][et_pb_column type=&#8221;1_2&#8243; _builder_version=&#8221;3.25&#8243; custom_padding=&#8221;|||&#8221; custom_padding__hover=&#8221;|||&#8221;][et_pb_toggle title=&#8221;Mauris blandit aliquet elit, eget tincidunt nibh?&#8221; open_toggle_background_color=&#8221;rgba(0,0,0,0)&#8221; closed_toggle_background_color=&#8221;rgba(0,0,0,0)&#8221; icon_color=&#8221;#193676&#8243; _builder_version=&#8221;3.29.3&#8243; title_level=&#8221;h4&#8243; title_font=&#8221;Nunito|600|||||||&#8221; title_font_size=&#8221;15px&#8221; title_letter_spacing=&#8221;1px&#8221; title_line_height=&#8221;1.6em&#8221; body_font=&#8221;||||||||&#8221; body_line_height=&#8221;2em&#8221; custom_margin=&#8221;||0px&#8221; custom_padding=&#8221;30px||30px||true&#8221; border_width_all=&#8221;0px&#8221; border_color_all=&#8221;#f0f4fa&#8221; border_width_bottom=&#8221;1px&#8221; border_color_bottom=&#8221;rgba(22,22,22,0.24)&#8221;]<\/p>\n<p>Mauris blandit aliquet elit, eget tincidunt nibh pulvinar a. Vivamus magna justo, lacinia eget consectetur sed, convallis at tellus. Lorem ipsum dolor sit amet, consectetur adipiscing elit. Lorem ipsum dolor sit amet, consectetur adipiscing elit.<\/p>\n<p>[\/et_pb_toggle][et_pb_toggle title=&#8221;Vivamus magna justo lacinia eget?&#8221; open_toggle_background_color=&#8221;rgba(0,0,0,0)&#8221; closed_toggle_background_color=&#8221;rgba(0,0,0,0)&#8221; icon_color=&#8221;#193676&#8243; _builder_version=&#8221;3.19.6&#8243; title_level=&#8221;h4&#8243; title_font=&#8221;Nunito|600|||||||&#8221; title_font_size=&#8221;15px&#8221; title_letter_spacing=&#8221;1px&#8221; title_line_height=&#8221;1.6em&#8221; body_font=&#8221;||||||||&#8221; body_line_height=&#8221;2em&#8221; custom_margin=&#8221;||0px&#8221; custom_padding=&#8221;30px||30px||true&#8221; border_width_all=&#8221;0px&#8221; border_color_all=&#8221;#f0f4fa&#8221; border_width_bottom=&#8221;1px&#8221; border_color_bottom=&#8221;rgba(22,22,22,0.24)&#8221;]<\/p>\n<p>Mauris blandit aliquet elit, eget tincidunt nibh pulvinar a. Vivamus magna justo, lacinia eget consectetur sed, convallis at tellus. Lorem ipsum dolor sit amet, consectetur adipiscing elit. Lorem ipsum dolor sit amet, consectetur adipiscing elit.<\/p>\n<p>[\/et_pb_toggle][et_pb_toggle title=&#8221;Lorem ipsum dolor sit amet?&#8221; open_toggle_background_color=&#8221;rgba(0,0,0,0)&#8221; closed_toggle_background_color=&#8221;rgba(0,0,0,0)&#8221; icon_color=&#8221;#193676&#8243; _builder_version=&#8221;3.19.6&#8243; title_level=&#8221;h4&#8243; title_font=&#8221;Nunito|600|||||||&#8221; title_font_size=&#8221;15px&#8221; title_letter_spacing=&#8221;1px&#8221; title_line_height=&#8221;1.6em&#8221; body_font=&#8221;||||||||&#8221; body_line_height=&#8221;2em&#8221; custom_margin=&#8221;||0px&#8221; custom_padding=&#8221;30px||30px||true&#8221; border_width_all=&#8221;0px&#8221; border_color_all=&#8221;#f0f4fa&#8221; border_width_bottom=&#8221;1px&#8221; border_color_bottom=&#8221;rgba(22,22,22,0.24)&#8221;]<\/p>\n<p>Mauris blandit aliquet elit, eget tincidunt nibh pulvinar a. Vivamus magna justo, lacinia eget consectetur sed, convallis at tellus. Lorem ipsum dolor sit amet, consectetur adipiscing elit. Lorem ipsum dolor sit amet, consectetur adipiscing elit.<\/p>\n<p>[\/et_pb_toggle][\/et_pb_column][et_pb_column type=&#8221;1_2&#8243; _builder_version=&#8221;3.25&#8243; custom_padding=&#8221;|||&#8221; custom_padding__hover=&#8221;|||&#8221;][et_pb_toggle title=&#8221;Lorem ipsum dolor sit amet consectetur adipiscing?&#8221; open_toggle_background_color=&#8221;rgba(0,0,0,0)&#8221; closed_toggle_background_color=&#8221;rgba(0,0,0,0)&#8221; icon_color=&#8221;#193676&#8243; _builder_version=&#8221;3.19.6&#8243; title_level=&#8221;h4&#8243; title_font=&#8221;Nunito|600|||||||&#8221; title_font_size=&#8221;15px&#8221; title_letter_spacing=&#8221;1px&#8221; title_line_height=&#8221;1.6em&#8221; body_font=&#8221;||||||||&#8221; body_line_height=&#8221;2em&#8221; custom_margin=&#8221;||0px&#8221; custom_padding=&#8221;30px||30px||true&#8221; border_width_all=&#8221;0px&#8221; border_color_all=&#8221;#f0f4fa&#8221; border_width_bottom=&#8221;1px&#8221; border_color_bottom=&#8221;rgba(22,22,22,0.24)&#8221; locked=&#8221;off&#8221;]<\/p>\n<p>Mauris blandit aliquet elit, eget tincidunt nibh pulvinar a. Vivamus magna justo, lacinia eget consectetur sed, convallis at tellus. Lorem ipsum dolor sit amet, consectetur adipiscing elit. Lorem ipsum dolor sit amet, consectetur adipiscing elit.<\/p>\n<p>[\/et_pb_toggle][et_pb_toggle title=&#8221;Lorem ipsum dolor sit amet?&#8221; open_toggle_background_color=&#8221;rgba(0,0,0,0)&#8221; closed_toggle_background_color=&#8221;rgba(0,0,0,0)&#8221; icon_color=&#8221;#193676&#8243; _builder_version=&#8221;3.19.6&#8243; title_level=&#8221;h4&#8243; title_font=&#8221;Nunito|600|||||||&#8221; title_font_size=&#8221;15px&#8221; title_letter_spacing=&#8221;1px&#8221; title_line_height=&#8221;1.6em&#8221; body_font=&#8221;||||||||&#8221; body_line_height=&#8221;2em&#8221; custom_margin=&#8221;||0px&#8221; custom_padding=&#8221;30px||30px||true&#8221; border_width_all=&#8221;0px&#8221; border_color_all=&#8221;#f0f4fa&#8221; border_width_bottom=&#8221;1px&#8221; border_color_bottom=&#8221;rgba(22,22,22,0.24)&#8221; locked=&#8221;off&#8221;]<\/p>\n<p>Mauris blandit aliquet elit, eget tincidunt nibh pulvinar a. Vivamus magna justo, lacinia eget consectetur sed, convallis at tellus. Lorem ipsum dolor sit amet, consectetur adipiscing elit. Lorem ipsum dolor sit amet, consectetur adipiscing elit.<\/p>\n<p>[\/et_pb_toggle][et_pb_toggle title=&#8221;Mauris blandit aliquet elit, eget tincidunt nibh?&#8221; open_toggle_background_color=&#8221;rgba(0,0,0,0)&#8221; closed_toggle_background_color=&#8221;rgba(0,0,0,0)&#8221; icon_color=&#8221;#193676&#8243; _builder_version=&#8221;3.19.6&#8243; title_level=&#8221;h4&#8243; title_font=&#8221;Nunito|600|||||||&#8221; title_font_size=&#8221;15px&#8221; title_letter_spacing=&#8221;1px&#8221; title_line_height=&#8221;1.6em&#8221; body_font=&#8221;||||||||&#8221; body_line_height=&#8221;2em&#8221; custom_margin=&#8221;||0px&#8221; custom_padding=&#8221;30px||30px||true&#8221; border_width_all=&#8221;0px&#8221; border_color_all=&#8221;#f0f4fa&#8221; border_width_bottom=&#8221;1px&#8221; border_color_bottom=&#8221;rgba(22,22,22,0.24)&#8221; locked=&#8221;off&#8221;]<\/p>\n<p>Mauris blandit aliquet elit, eget tincidunt nibh pulvinar a. Vivamus magna justo, lacinia eget consectetur sed, convallis at tellus. Lorem ipsum dolor sit amet, consectetur adipiscing elit. Lorem ipsum dolor sit amet, consectetur adipiscing elit.<\/p>\n<p>[\/et_pb_toggle][\/et_pb_column][\/et_pb_row][\/et_pb_section]<\/p>\n","protected":false},"excerpt":{"rendered":"<p>Kontaktuj n\u00e1sZ\u00edskej s n\u00e1mi praktick\u00e9 dovednosti, poznej nov\u00e9 p\u0159\u00e1tele a podpo\u0159 dobrou v\u011bcPellentesque in ipsum id orci porta dapibus. Vestibulum ac diam sit amet quam vehicula elementum sed sit amet dui. Vestibulum ante ipsum primis in faucibus orci luctus et ultrices posuere cubilia CuraePellentesque in ipsum id orci porta dapibus. Vestibulum ac diam sit amet [&hellip;]<\/p>\n","protected":false},"author":1,"featured_media":0,"parent":0,"menu_order":0,"comment_status":"closed","ping_status":"closed","template":"","meta":{"_et_pb_use_builder":"on","_et_pb_old_content":"","_et_gb_content_width":"","footnotes":""},"class_list":["post-25275","page","type-page","status-publish","hentry"],"_links":{"self":[{"href":"https:\/\/minervo.digiamo.cz\/minervo\/wp-json\/wp\/v2\/pages\/25275","targetHints":{"allow":["GET"]}}],"collection":[{"href":"https:\/\/minervo.digiamo.cz\/minervo\/wp-json\/wp\/v2\/pages"}],"about":[{"href":"https:\/\/minervo.digiamo.cz\/minervo\/wp-json\/wp\/v2\/types\/page"}],"author":[{"embeddable":true,"href":"https:\/\/minervo.digiamo.cz\/minervo\/wp-json\/wp\/v2\/users\/1"}],"replies":[{"embeddable":true,"href":"https:\/\/minervo.digiamo.cz\/minervo\/wp-json\/wp\/v2\/comments?post=25275"}],"version-history":[{"count":11,"href":"https:\/\/minervo.digiamo.cz\/minervo\/wp-json\/wp\/v2\/pages\/25275\/revisions"}],"predecessor-version":[{"id":25832,"href":"https:\/\/minervo.digiamo.cz\/minervo\/wp-json\/wp\/v2\/pages\/25275\/revisions\/25832"}],"wp:attachment":[{"href":"https:\/\/minervo.digiamo.cz\/minervo\/wp-json\/wp\/v2\/media?parent=25275"}],"curies":[{"name":"wp","href":"https:\/\/api.w.org\/{rel}","templated":true}]}}